{"id":52,"date":"2023-02-28T13:46:33","date_gmt":"2023-02-28T13:46:33","guid":{"rendered":"http:\/\/zhongzhenglock.lanjingshuzi.com\/?page_id=52"},"modified":"2023-02-28T13:46:33","modified_gmt":"2023-02-28T13:46:33","slug":"application","status":"publish","type":"page","link":"https:\/\/www.zhongzhenglock.net\/de\/application\/","title":{"rendered":"Anwendung"},"content":{"rendered":"","protected":false},"excerpt":{"rendered":"","protected":false},"author":1,"featured_media":0,"parent":0,"menu_order":0,"comment_status":"closed","ping_status":"closed","template":"","meta":{"footnotes":""},"class_list":["post-52","page","type-page","status-publish","hentry"],"yoast_head":"<!-- This site is optimized with the Yoast SEO plugin v27.3 - https:\/\/yoast.com\/product\/yoast-seo-wordpress\/ -->\n<title>Application - Professional Locking Solutions for Electrical Cabinets - ZONZEN<\/title>\n<meta name=\"description\" content=\"ZONZEN offers professional accessory solutions for communications, power, and mechanical equipment. Our high-quality products include switch cabinet locks, fingerprint locks, electronic cabinet locks, Bluetooth padlocks, smart U-locks, and more. Trust ZONZEN for secure and reliable electrical cabinet accessories.\" \/>\n<meta name=\"robots\" content=\"index, follow, max-snippet:-1, max-image-preview:large, max-video-preview:-1\" \/>\n<link rel=\"canonical\" href=\"https:\/\/www.zhongzhenglock.net\/de\/application\/\" \/>\n<meta property=\"og:locale\" content=\"de_DE\" \/>\n<meta property=\"og:type\" content=\"article\" \/>\n<meta property=\"og:title\" content=\"Application - Professional Locking Solutions for Electrical Cabinets - ZONZEN\" \/>\n<meta property=\"og:description\" content=\"ZONZEN offers professional accessory solutions for communications, power, and mechanical equipment. Our high-quality products include switch cabinet locks, fingerprint locks, electronic cabinet locks, Bluetooth padlocks, smart U-locks, and more. Trust ZONZEN for secure and reliable electrical cabinet accessories.\" \/>\n<meta property=\"og:url\" content=\"https:\/\/www.zhongzhenglock.net\/de\/application\/\" \/>\n<meta property=\"og:site_name\" content=\"Professional Locking Solutions for Electrical Cabinets - ZONZEN\" \/>\n<meta property=\"article:publisher\" content=\"https:\/\/www.facebook.com\/Zhejiang-Zonzen-Lock-Industry-Co-Ltd-101298805243956\" \/>\n<meta property=\"og:image\" content=\"https:\/\/www.zhongzhenglock.net\/wp-content\/uploads\/2023\/02\/home_c.png\" \/>\n\t<meta property=\"og:image:width\" content=\"600\" \/>\n\t<meta property=\"og:image:height\" content=\"402\" \/>\n\t<meta property=\"og:image:type\" content=\"image\/png\" \/>\n<meta name=\"twitter:card\" content=\"summary_large_image\" \/>\n<script type=\"application\/ld+json\" class=\"yoast-schema-graph\">{\"@context\":\"https:\\\/\\\/schema.org\",\"@graph\":[{\"@type\":\"WebPage\",\"@id\":\"https:\\\/\\\/www.zhongzhenglock.net\\\/application\\\/\",\"url\":\"https:\\\/\\\/www.zhongzhenglock.net\\\/application\\\/\",\"name\":\"Application - Professional Locking Solutions for Electrical Cabinets - ZONZEN\",\"isPartOf\":{\"@id\":\"https:\\\/\\\/www.zhongzhenglock.net\\\/#website\"},\"datePublished\":\"2023-02-28T13:46:33+00:00\",\"description\":\"ZONZEN offers professional accessory solutions for communications, power, and mechanical equipment. Our high-quality products include switch cabinet locks, fingerprint locks, electronic cabinet locks, Bluetooth padlocks, smart U-locks, and more. Trust ZONZEN for secure and reliable electrical cabinet accessories.\",\"breadcrumb\":{\"@id\":\"https:\\\/\\\/www.zhongzhenglock.net\\\/application\\\/#breadcrumb\"},\"inLanguage\":\"de\",\"potentialAction\":[{\"@type\":\"ReadAction\",\"target\":[\"https:\\\/\\\/www.zhongzhenglock.net\\\/application\\\/\"]}]},{\"@type\":\"BreadcrumbList\",\"@id\":\"https:\\\/\\\/www.zhongzhenglock.net\\\/application\\\/#breadcrumb\",\"itemListElement\":[{\"@type\":\"ListItem\",\"position\":1,\"name\":\"Home\",\"item\":\"https:\\\/\\\/www.zhongzhenglock.net\\\/\"},{\"@type\":\"ListItem\",\"position\":2,\"name\":\"Application\"}]},{\"@type\":\"WebSite\",\"@id\":\"https:\\\/\\\/www.zhongzhenglock.net\\\/#website\",\"url\":\"https:\\\/\\\/www.zhongzhenglock.net\\\/\",\"name\":\"Cabinet Locks Manufacturer Company, Fingerprint Locks, Electronic Cabinet Locks\",\"description\":\"Cabinet Locks Manufacturer &amp; Company\",\"publisher\":{\"@id\":\"https:\\\/\\\/www.zhongzhenglock.net\\\/#organization\"},\"alternateName\":\"ZONZEN Lock\",\"potentialAction\":[{\"@type\":\"SearchAction\",\"target\":{\"@type\":\"EntryPoint\",\"urlTemplate\":\"https:\\\/\\\/www.zhongzhenglock.net\\\/?s={search_term_string}\"},\"query-input\":{\"@type\":\"PropertyValueSpecification\",\"valueRequired\":true,\"valueName\":\"search_term_string\"}}],\"inLanguage\":\"de\"},{\"@type\":\"Organization\",\"@id\":\"https:\\\/\\\/www.zhongzhenglock.net\\\/#organization\",\"name\":\"Cabinet Locks Manufacturer Company, Fingerprint Locks, Electronic Cabinet Locks\",\"alternateName\":\"ZONZEN Lock\",\"url\":\"https:\\\/\\\/www.zhongzhenglock.net\\\/\",\"logo\":{\"@type\":\"ImageObject\",\"inLanguage\":\"de\",\"@id\":\"https:\\\/\\\/www.zhongzhenglock.net\\\/#\\\/schema\\\/logo\\\/image\\\/\",\"url\":\"https:\\\/\\\/www.zhongzhenglock.net\\\/wp-content\\\/uploads\\\/2023\\\/02\\\/home_c.png\",\"contentUrl\":\"https:\\\/\\\/www.zhongzhenglock.net\\\/wp-content\\\/uploads\\\/2023\\\/02\\\/home_c.png\",\"width\":600,\"height\":402,\"caption\":\"Cabinet Locks Manufacturer Company, Fingerprint Locks, Electronic Cabinet Locks\"},\"image\":{\"@id\":\"https:\\\/\\\/www.zhongzhenglock.net\\\/#\\\/schema\\\/logo\\\/image\\\/\"},\"sameAs\":[\"https:\\\/\\\/www.facebook.com\\\/Zhejiang-Zonzen-Lock-Industry-Co-Ltd-101298805243956\",\"https:\\\/\\\/www.linkedin.com\\\/company\\\/zhongzhenglock\\\/\"]}]}<\/script>\n<!-- \/ Yoast SEO plugin. -->","yoast_head_json":{"title":"Anwendung - Professionelle Schlie\u00dfl\u00f6sungen f\u00fcr Schaltschr\u00e4nke - ZONZEN","description":"ZONZEN bietet professionelle Zubeh\u00f6rl\u00f6sungen f\u00fcr Kommunikations-, Stromversorgungs- und mechanische Ger\u00e4te. Zu unseren hochwertigen Produkten geh\u00f6ren Schaltschrankschl\u00f6sser, Fingerprint-Schl\u00f6sser, elektronische Schrankschl\u00f6sser, Bluetooth-Vorh\u00e4ngeschl\u00f6sser, intelligente B\u00fcgelschl\u00f6sser und mehr. Vertrauen Sie ZONZEN f\u00fcr sicheres und zuverl\u00e4ssiges Schaltschrankzubeh\u00f6r.","robots":{"index":"index","follow":"follow","max-snippet":"max-snippet:-1","max-image-preview":"max-image-preview:large","max-video-preview":"max-video-preview:-1"},"canonical":"https:\/\/www.zhongzhenglock.net\/de\/application\/","og_locale":"de_DE","og_type":"article","og_title":"Application - Professional Locking Solutions for Electrical Cabinets - ZONZEN","og_description":"ZONZEN offers professional accessory solutions for communications, power, and mechanical equipment. Our high-quality products include switch cabinet locks, fingerprint locks, electronic cabinet locks, Bluetooth padlocks, smart U-locks, and more. Trust ZONZEN for secure and reliable electrical cabinet accessories.","og_url":"https:\/\/www.zhongzhenglock.net\/de\/application\/","og_site_name":"Professional Locking Solutions for Electrical Cabinets - ZONZEN","article_publisher":"https:\/\/www.facebook.com\/Zhejiang-Zonzen-Lock-Industry-Co-Ltd-101298805243956","og_image":[{"width":600,"height":402,"url":"https:\/\/www.zhongzhenglock.net\/wp-content\/uploads\/2023\/02\/home_c.png","type":"image\/png"}],"twitter_card":"summary_large_image","schema":{"@context":"https:\/\/schema.org","@graph":[{"@type":"WebPage","@id":"https:\/\/www.zhongzhenglock.net\/application\/","url":"https:\/\/www.zhongzhenglock.net\/application\/","name":"Anwendung - Professionelle Schlie\u00dfl\u00f6sungen f\u00fcr Schaltschr\u00e4nke - ZONZEN","isPartOf":{"@id":"https:\/\/www.zhongzhenglock.net\/#website"},"datePublished":"2023-02-28T13:46:33+00:00","description":"ZONZEN bietet professionelle Zubeh\u00f6rl\u00f6sungen f\u00fcr Kommunikations-, Stromversorgungs- und mechanische Ger\u00e4te. Zu unseren hochwertigen Produkten geh\u00f6ren Schaltschrankschl\u00f6sser, Fingerprint-Schl\u00f6sser, elektronische Schrankschl\u00f6sser, Bluetooth-Vorh\u00e4ngeschl\u00f6sser, intelligente B\u00fcgelschl\u00f6sser und mehr. Vertrauen Sie ZONZEN f\u00fcr sicheres und zuverl\u00e4ssiges Schaltschrankzubeh\u00f6r.","breadcrumb":{"@id":"https:\/\/www.zhongzhenglock.net\/application\/#breadcrumb"},"inLanguage":"de","potentialAction":[{"@type":"ReadAction","target":["https:\/\/www.zhongzhenglock.net\/application\/"]}]},{"@type":"BreadcrumbList","@id":"https:\/\/www.zhongzhenglock.net\/application\/#breadcrumb","itemListElement":[{"@type":"ListItem","position":1,"name":"Home","item":"https:\/\/www.zhongzhenglock.net\/"},{"@type":"ListItem","position":2,"name":"Application"}]},{"@type":"WebSite","@id":"https:\/\/www.zhongzhenglock.net\/#website","url":"https:\/\/www.zhongzhenglock.net\/","name":"Hersteller von Schrankschl\u00f6ssern, Fingerabdruckschl\u00f6sser, elektronische Schrankschl\u00f6sser","description":"Schrankschl\u00f6sser Hersteller &amp; Unternehmen","publisher":{"@id":"https:\/\/www.zhongzhenglock.net\/#organization"},"alternateName":"ZONZEN Lock","potentialAction":[{"@type":"SearchAction","target":{"@type":"EntryPoint","urlTemplate":"https:\/\/www.zhongzhenglock.net\/?s={search_term_string}"},"query-input":{"@type":"PropertyValueSpecification","valueRequired":true,"valueName":"search_term_string"}}],"inLanguage":"de"},{"@type":"Organization","@id":"https:\/\/www.zhongzhenglock.net\/#organization","name":"Hersteller von Schrankschl\u00f6ssern, Fingerabdruckschl\u00f6sser, elektronische Schrankschl\u00f6sser","alternateName":"ZONZEN Lock","url":"https:\/\/www.zhongzhenglock.net\/","logo":{"@type":"ImageObject","inLanguage":"de","@id":"https:\/\/www.zhongzhenglock.net\/#\/schema\/logo\/image\/","url":"https:\/\/www.zhongzhenglock.net\/wp-content\/uploads\/2023\/02\/home_c.png","contentUrl":"https:\/\/www.zhongzhenglock.net\/wp-content\/uploads\/2023\/02\/home_c.png","width":600,"height":402,"caption":"Cabinet Locks Manufacturer Company, Fingerprint Locks, Electronic Cabinet Locks"},"image":{"@id":"https:\/\/www.zhongzhenglock.net\/#\/schema\/logo\/image\/"},"sameAs":["https:\/\/www.facebook.com\/Zhejiang-Zonzen-Lock-Industry-Co-Ltd-101298805243956","https:\/\/www.linkedin.com\/company\/zhongzhenglock\/"]}]}},"_links":{"self":[{"href":"https:\/\/www.zhongzhenglock.net\/de\/wp-json\/wp\/v2\/pages\/52","targetHints":{"allow":["GET"]}}],"collection":[{"href":"https:\/\/www.zhongzhenglock.net\/de\/wp-json\/wp\/v2\/pages"}],"about":[{"href":"https:\/\/www.zhongzhenglock.net\/de\/wp-json\/wp\/v2\/types\/page"}],"author":[{"embeddable":true,"href":"https:\/\/www.zhongzhenglock.net\/de\/wp-json\/wp\/v2\/users\/1"}],"replies":[{"embeddable":true,"href":"https:\/\/www.zhongzhenglock.net\/de\/wp-json\/wp\/v2\/comments?post=52"}],"version-history":[{"count":0,"href":"https:\/\/www.zhongzhenglock.net\/de\/wp-json\/wp\/v2\/pages\/52\/revisions"}],"wp:attachment":[{"href":"https:\/\/www.zhongzhenglock.net\/de\/wp-json\/wp\/v2\/media?parent=52"}],"curies":[{"name":"wp","href":"https:\/\/api.w.org\/{rel}","templated":true}]}}