{"id":77,"date":"2023-03-01T13:08:50","date_gmt":"2023-03-01T13:08:50","guid":{"rendered":"http:\/\/zhongzhenglock.lanjingshuzi.com\/?page_id=77"},"modified":"2023-03-01T13:08:50","modified_gmt":"2023-03-01T13:08:50","slug":"support","status":"publish","type":"page","link":"https:\/\/www.zhongzhenglock.net\/fr\/support\/","title":{"rendered":"Soutien"},"content":{"rendered":"","protected":false},"excerpt":{"rendered":"","protected":false},"author":1,"featured_media":0,"parent":0,"menu_order":0,"comment_status":"closed","ping_status":"closed","template":"","meta":{"footnotes":""},"class_list":["post-77","page","type-page","status-publish","hentry"],"yoast_head":"<!-- This site is optimized with the Yoast SEO plugin v27.3 - https:\/\/yoast.com\/product\/yoast-seo-wordpress\/ -->\n<title>Support - Professional Locking Solutions for Electrical Cabinets - ZONZEN<\/title>\n<meta name=\"description\" content=\"ZONZEN offers professional accessory solutions for communications, power, and mechanical equipment. Our high-quality products include switch cabinet locks, fingerprint locks, electronic cabinet locks, Bluetooth padlocks, smart U-locks, and more. Trust ZONZEN for secure and reliable electrical cabinet accessories.\" \/>\n<meta name=\"robots\" content=\"index, follow, max-snippet:-1, max-image-preview:large, max-video-preview:-1\" \/>\n<link rel=\"canonical\" href=\"https:\/\/www.zhongzhenglock.net\/fr\/support\/\" \/>\n<meta property=\"og:locale\" content=\"fr_FR\" \/>\n<meta property=\"og:type\" content=\"article\" \/>\n<meta property=\"og:title\" content=\"Support - Professional Locking Solutions for Electrical Cabinets - ZONZEN\" \/>\n<meta property=\"og:description\" content=\"ZONZEN offers professional accessory solutions for communications, power, and mechanical equipment. Our high-quality products include switch cabinet locks, fingerprint locks, electronic cabinet locks, Bluetooth padlocks, smart U-locks, and more. Trust ZONZEN for secure and reliable electrical cabinet accessories.\" \/>\n<meta property=\"og:url\" content=\"https:\/\/www.zhongzhenglock.net\/fr\/support\/\" \/>\n<meta property=\"og:site_name\" content=\"Professional Locking Solutions for Electrical Cabinets - ZONZEN\" \/>\n<meta property=\"article:publisher\" content=\"https:\/\/www.facebook.com\/Zhejiang-Zonzen-Lock-Industry-Co-Ltd-101298805243956\" \/>\n<meta property=\"og:image\" content=\"https:\/\/www.zhongzhenglock.net\/wp-content\/uploads\/2023\/02\/home_c.png\" \/>\n\t<meta property=\"og:image:width\" content=\"600\" \/>\n\t<meta property=\"og:image:height\" content=\"402\" \/>\n\t<meta property=\"og:image:type\" content=\"image\/png\" \/>\n<meta name=\"twitter:card\" content=\"summary_large_image\" \/>\n<script type=\"application\/ld+json\" class=\"yoast-schema-graph\">{\"@context\":\"https:\\\/\\\/schema.org\",\"@graph\":[{\"@type\":\"WebPage\",\"@id\":\"https:\\\/\\\/www.zhongzhenglock.net\\\/support\\\/\",\"url\":\"https:\\\/\\\/www.zhongzhenglock.net\\\/support\\\/\",\"name\":\"Support - Professional Locking Solutions for Electrical Cabinets - ZONZEN\",\"isPartOf\":{\"@id\":\"https:\\\/\\\/www.zhongzhenglock.net\\\/#website\"},\"datePublished\":\"2023-03-01T13:08:50+00:00\",\"description\":\"ZONZEN offers professional accessory solutions for communications, power, and mechanical equipment. Our high-quality products include switch cabinet locks, fingerprint locks, electronic cabinet locks, Bluetooth padlocks, smart U-locks, and more. Trust ZONZEN for secure and reliable electrical cabinet accessories.\",\"breadcrumb\":{\"@id\":\"https:\\\/\\\/www.zhongzhenglock.net\\\/support\\\/#breadcrumb\"},\"inLanguage\":\"fr-FR\",\"potentialAction\":[{\"@type\":\"ReadAction\",\"target\":[\"https:\\\/\\\/www.zhongzhenglock.net\\\/support\\\/\"]}]},{\"@type\":\"BreadcrumbList\",\"@id\":\"https:\\\/\\\/www.zhongzhenglock.net\\\/support\\\/#breadcrumb\",\"itemListElement\":[{\"@type\":\"ListItem\",\"position\":1,\"name\":\"Home\",\"item\":\"https:\\\/\\\/www.zhongzhenglock.net\\\/\"},{\"@type\":\"ListItem\",\"position\":2,\"name\":\"Support\"}]},{\"@type\":\"WebSite\",\"@id\":\"https:\\\/\\\/www.zhongzhenglock.net\\\/#website\",\"url\":\"https:\\\/\\\/www.zhongzhenglock.net\\\/\",\"name\":\"Cabinet Locks Manufacturer Company, Fingerprint Locks, Electronic Cabinet Locks\",\"description\":\"Cabinet Locks Manufacturer &amp; Company\",\"publisher\":{\"@id\":\"https:\\\/\\\/www.zhongzhenglock.net\\\/#organization\"},\"alternateName\":\"ZONZEN Lock\",\"potentialAction\":[{\"@type\":\"SearchAction\",\"target\":{\"@type\":\"EntryPoint\",\"urlTemplate\":\"https:\\\/\\\/www.zhongzhenglock.net\\\/?s={search_term_string}\"},\"query-input\":{\"@type\":\"PropertyValueSpecification\",\"valueRequired\":true,\"valueName\":\"search_term_string\"}}],\"inLanguage\":\"fr-FR\"},{\"@type\":\"Organization\",\"@id\":\"https:\\\/\\\/www.zhongzhenglock.net\\\/#organization\",\"name\":\"Cabinet Locks Manufacturer Company, Fingerprint Locks, Electronic Cabinet Locks\",\"alternateName\":\"ZONZEN Lock\",\"url\":\"https:\\\/\\\/www.zhongzhenglock.net\\\/\",\"logo\":{\"@type\":\"ImageObject\",\"inLanguage\":\"fr-FR\",\"@id\":\"https:\\\/\\\/www.zhongzhenglock.net\\\/#\\\/schema\\\/logo\\\/image\\\/\",\"url\":\"https:\\\/\\\/www.zhongzhenglock.net\\\/wp-content\\\/uploads\\\/2023\\\/02\\\/home_c.png\",\"contentUrl\":\"https:\\\/\\\/www.zhongzhenglock.net\\\/wp-content\\\/uploads\\\/2023\\\/02\\\/home_c.png\",\"width\":600,\"height\":402,\"caption\":\"Cabinet Locks Manufacturer Company, Fingerprint Locks, Electronic Cabinet Locks\"},\"image\":{\"@id\":\"https:\\\/\\\/www.zhongzhenglock.net\\\/#\\\/schema\\\/logo\\\/image\\\/\"},\"sameAs\":[\"https:\\\/\\\/www.facebook.com\\\/Zhejiang-Zonzen-Lock-Industry-Co-Ltd-101298805243956\",\"https:\\\/\\\/www.linkedin.com\\\/company\\\/zhongzhenglock\\\/\"]}]}<\/script>\n<!-- \/ Yoast SEO plugin. -->","yoast_head_json":{"title":"Support - Solutions de verrouillage professionnelles pour armoires \u00e9lectriques - ZONZEN","description":"ZONZEN propose des solutions d&#039;accessoires professionnels pour les \u00e9quipements de communication, d&#039;alimentation et m\u00e9caniques. Nos produits de haute qualit\u00e9 comprennent des serrures d&#039;armoire de commande, des serrures \u00e0 empreintes digitales, des serrures d&#039;armoire \u00e9lectroniques, des cadenas Bluetooth, des cadenas en U intelligents, etc. Faites confiance \u00e0 ZONZEN pour des accessoires d&#039;armoire \u00e9lectrique s\u00fbrs et fiables.","robots":{"index":"index","follow":"follow","max-snippet":"max-snippet:-1","max-image-preview":"max-image-preview:large","max-video-preview":"max-video-preview:-1"},"canonical":"https:\/\/www.zhongzhenglock.net\/fr\/support\/","og_locale":"fr_FR","og_type":"article","og_title":"Support - Professional Locking Solutions for Electrical Cabinets - ZONZEN","og_description":"ZONZEN offers professional accessory solutions for communications, power, and mechanical equipment. Our high-quality products include switch cabinet locks, fingerprint locks, electronic cabinet locks, Bluetooth padlocks, smart U-locks, and more. Trust ZONZEN for secure and reliable electrical cabinet accessories.","og_url":"https:\/\/www.zhongzhenglock.net\/fr\/support\/","og_site_name":"Professional Locking Solutions for Electrical Cabinets - ZONZEN","article_publisher":"https:\/\/www.facebook.com\/Zhejiang-Zonzen-Lock-Industry-Co-Ltd-101298805243956","og_image":[{"width":600,"height":402,"url":"https:\/\/www.zhongzhenglock.net\/wp-content\/uploads\/2023\/02\/home_c.png","type":"image\/png"}],"twitter_card":"summary_large_image","schema":{"@context":"https:\/\/schema.org","@graph":[{"@type":"WebPage","@id":"https:\/\/www.zhongzhenglock.net\/support\/","url":"https:\/\/www.zhongzhenglock.net\/support\/","name":"Support - Solutions de verrouillage professionnelles pour armoires \u00e9lectriques - ZONZEN","isPartOf":{"@id":"https:\/\/www.zhongzhenglock.net\/#website"},"datePublished":"2023-03-01T13:08:50+00:00","description":"ZONZEN propose des solutions d&#039;accessoires professionnels pour les \u00e9quipements de communication, d&#039;alimentation et m\u00e9caniques. Nos produits de haute qualit\u00e9 comprennent des serrures d&#039;armoire de commande, des serrures \u00e0 empreintes digitales, des serrures d&#039;armoire \u00e9lectroniques, des cadenas Bluetooth, des cadenas en U intelligents, etc. Faites confiance \u00e0 ZONZEN pour des accessoires d&#039;armoire \u00e9lectrique s\u00fbrs et fiables.","breadcrumb":{"@id":"https:\/\/www.zhongzhenglock.net\/support\/#breadcrumb"},"inLanguage":"fr-FR","potentialAction":[{"@type":"ReadAction","target":["https:\/\/www.zhongzhenglock.net\/support\/"]}]},{"@type":"BreadcrumbList","@id":"https:\/\/www.zhongzhenglock.net\/support\/#breadcrumb","itemListElement":[{"@type":"ListItem","position":1,"name":"Home","item":"https:\/\/www.zhongzhenglock.net\/"},{"@type":"ListItem","position":2,"name":"Support"}]},{"@type":"WebSite","@id":"https:\/\/www.zhongzhenglock.net\/#website","url":"https:\/\/www.zhongzhenglock.net\/","name":"Entreprise de fabrication de serrures d&#039;armoire, Serrures d&#039;empreintes digitales, Serrures d&#039;armoire \u00e9lectroniques","description":"Fabricant et entreprise de serrures d&#039;armoires","publisher":{"@id":"https:\/\/www.zhongzhenglock.net\/#organization"},"alternateName":"ZONZEN Lock","potentialAction":[{"@type":"SearchAction","target":{"@type":"EntryPoint","urlTemplate":"https:\/\/www.zhongzhenglock.net\/?s={search_term_string}"},"query-input":{"@type":"PropertyValueSpecification","valueRequired":true,"valueName":"search_term_string"}}],"inLanguage":"fr-FR"},{"@type":"Organization","@id":"https:\/\/www.zhongzhenglock.net\/#organization","name":"Entreprise de fabrication de serrures d&#039;armoire, Serrures d&#039;empreintes digitales, Serrures d&#039;armoire \u00e9lectroniques","alternateName":"ZONZEN Lock","url":"https:\/\/www.zhongzhenglock.net\/","logo":{"@type":"ImageObject","inLanguage":"fr-FR","@id":"https:\/\/www.zhongzhenglock.net\/#\/schema\/logo\/image\/","url":"https:\/\/www.zhongzhenglock.net\/wp-content\/uploads\/2023\/02\/home_c.png","contentUrl":"https:\/\/www.zhongzhenglock.net\/wp-content\/uploads\/2023\/02\/home_c.png","width":600,"height":402,"caption":"Cabinet Locks Manufacturer Company, Fingerprint Locks, Electronic Cabinet Locks"},"image":{"@id":"https:\/\/www.zhongzhenglock.net\/#\/schema\/logo\/image\/"},"sameAs":["https:\/\/www.facebook.com\/Zhejiang-Zonzen-Lock-Industry-Co-Ltd-101298805243956","https:\/\/www.linkedin.com\/company\/zhongzhenglock\/"]}]}},"_links":{"self":[{"href":"https:\/\/www.zhongzhenglock.net\/fr\/wp-json\/wp\/v2\/pages\/77","targetHints":{"allow":["GET"]}}],"collection":[{"href":"https:\/\/www.zhongzhenglock.net\/fr\/wp-json\/wp\/v2\/pages"}],"about":[{"href":"https:\/\/www.zhongzhenglock.net\/fr\/wp-json\/wp\/v2\/types\/page"}],"author":[{"embeddable":true,"href":"https:\/\/www.zhongzhenglock.net\/fr\/wp-json\/wp\/v2\/users\/1"}],"replies":[{"embeddable":true,"href":"https:\/\/www.zhongzhenglock.net\/fr\/wp-json\/wp\/v2\/comments?post=77"}],"version-history":[{"count":0,"href":"https:\/\/www.zhongzhenglock.net\/fr\/wp-json\/wp\/v2\/pages\/77\/revisions"}],"wp:attachment":[{"href":"https:\/\/www.zhongzhenglock.net\/fr\/wp-json\/wp\/v2\/media?parent=77"}],"curies":[{"name":"wp","href":"https:\/\/api.w.org\/{rel}","templated":true}]}}